{"id":464,"date":"2025-05-23T08:48:07","date_gmt":"2025-05-23T08:48:07","guid":{"rendered":"https:\/\/graficabotanica.com\/estudio-de-diseno-grafico-en-barcelona-grafica-botanica-branding-botanico-y-diseno-editorial\/"},"modified":"2025-05-27T13:33:40","modified_gmt":"2025-05-27T13:33:40","slug":"estudio-de-diseno-grafico-en-barcelona-grafica-botanica-branding-botanico-y-diseno-editorial","status":"publish","type":"page","link":"https:\/\/graficabotanica.com\/es\/","title":{"rendered":"Estudio de Dise\u00f1o Gr\u00e1fico en Barcelona \u2013 Gr\u00e1fica Bot\u00e1nica | Branding Bot\u00e1nico y Dise\u00f1o Editorial"},"content":{"rendered":"\t\t<div data-elementor-type=\"wp-page\" data-elementor-id=\"464\" class=\"elementor elementor-464 elementor-8\" data-elementor-post-type=\"page\">\n\t\t\t\t<div class=\"elementor-element elementor-element-bb1e749 e-con-full e-flex e-con e-parent\" data-id=\"bb1e749\" data-element_type=\"container\" data-settings=\"{&quot;background_background&quot;:&quot;classic&quot;}\">\n\t\t<div class=\"elementor-element elementor-element-d7e7898 e-con-full e-flex e-con e-child\" data-id=\"d7e7898\" data-element_type=\"container\" data-settings=\"{&quot;background_background&quot;:&quot;classic&quot;}\">\n\t\t\t\t<div class=\"elementor-element elementor-element-9fc27ef elementor-widget__width-auto elementor-widget elementor-widget-image\" data-id=\"9fc27ef\" data-element_type=\"widget\" data-widget_type=\"image.default\">\n\t\t\t\t<div class=\"elementor-widget-container\">\n\t\t\t\t\t\t\t\t\t\t\t\t\t\t\t<img decoding=\"async\" width=\"94\" height=\"37\" src=\"https:\/\/graficabotanica.com\/wp-content\/uploads\/2025\/05\/logo-grafica-botanica.svg\" class=\"attachment-large size-large wp-image-405\" alt=\"\" \/>\t\t\t\t\t\t\t\t\t\t\t\t\t\t\t<\/div>\n\t\t\t\t<\/div>\n\t\t<div class=\"elementor-element elementor-element-ee2fcfb e-flex e-con-boxed e-con e-child\" data-id=\"ee2fcfb\" data-element_type=\"container\">\n\t\t\t\t\t<div class=\"e-con-inner\">\n\t\t\t\t<div class=\"elementor-element elementor-element-e2c4b59 elementor-widget elementor-widget-heading\" data-id=\"e2c4b59\" data-element_type=\"widget\" data-widget_type=\"heading.default\">\n\t\t\t\t<div class=\"elementor-widget-container\">\n\t\t\t\t\t<h2 class=\"elementor-heading-title elementor-size-default\">Hola, soy Anna Scanferla<\/h2>\t\t\t\t<\/div>\n\t\t\t\t<\/div>\n\t\t\t\t<div class=\"elementor-element elementor-element-2589235 elementor-widget elementor-widget-heading\" data-id=\"2589235\" data-element_type=\"widget\" data-widget_type=\"heading.default\">\n\t\t\t\t<div class=\"elementor-widget-container\">\n\t\t\t\t\t<h2 class=\"elementor-heading-title elementor-size-default\">Hagamos que tu proyecto<br><span style=\"font-style: italic;\">- florezca, traigamos belleza<br>a este mundo.<\/span><\/h2>\t\t\t\t<\/div>\n\t\t\t\t<\/div>\n\t\t\t\t<div class=\"elementor-element elementor-element-6a410ed elementor-widget elementor-widget-text-editor\" data-id=\"6a410ed\" data-element_type=\"widget\" data-widget_type=\"text-editor.default\">\n\t\t\t\t<div class=\"elementor-widget-container\">\n\t\t\t\t\t\t\t\t\t<p>Gr\u00e1fica Bot\u00e1nica es mi estudio creativo boutique, basado en la elegancia, la naturaleza y el dise\u00f1o con significado. Me especializo en identidad de marca, dise\u00f1o de logotipos, papeler\u00eda para bodas e ilustraci\u00f3n elegante. <\/p><p>No dudes en comunicarte conmigo en Instagram para recibir mi folleto.<\/p><p><strong>( P\u00c1GINA WEB PR\u00d3XIMAMENTE )<\/strong><\/p>\t\t\t\t\t\t\t\t<\/div>\n\t\t\t\t<\/div>\n\t\t\t\t\t<\/div>\n\t\t\t\t<\/div>\n\t\t<div class=\"elementor-element elementor-element-b1a7681 e-con-full e-flex e-con e-child\" data-id=\"b1a7681\" data-element_type=\"container\">\n\t\t\t\t<div class=\"elementor-element elementor-element-d082cf4 elementor-widget elementor-widget-heading\" data-id=\"d082cf4\" data-element_type=\"widget\" data-widget_type=\"heading.default\">\n\t\t\t\t<div class=\"elementor-widget-container\">\n\t\t\t\t\t<h2 class=\"elementor-heading-title elementor-size-default\">CONT\u00c1CTEME:<\/h2>\t\t\t\t<\/div>\n\t\t\t\t<\/div>\n\t\t\t\t<div class=\"elementor-element elementor-element-71b8c4a elementor-align-justify elementor-widget elementor-widget-button\" data-id=\"71b8c4a\" data-element_type=\"widget\" data-widget_type=\"button.default\">\n\t\t\t\t<div class=\"elementor-widget-container\">\n\t\t\t\t\t\t\t\t\t<div class=\"elementor-button-wrapper\">\n\t\t\t\t\t<a class=\"elementor-button elementor-button-link elementor-size-sm\" href=\"mailto:graficabotanicastudio@gmail.com\" target=\"_blank\">\n\t\t\t\t\t\t<span class=\"elementor-button-content-wrapper\">\n\t\t\t\t\t\t\t\t\t<span class=\"elementor-button-text\">TOMEMOS UN CAF\u00c9<\/span>\n\t\t\t\t\t<\/span>\n\t\t\t\t\t<\/a>\n\t\t\t\t<\/div>\n\t\t\t\t\t\t\t\t<\/div>\n\t\t\t\t<\/div>\n\t\t\t\t<\/div>\n\t\t\t\t<\/div>\n\t\t<div class=\"elementor-element elementor-element-9e2dd7e e-con-full e-flex e-con e-child\" data-id=\"9e2dd7e\" data-element_type=\"container\" data-settings=\"{&quot;background_background&quot;:&quot;classic&quot;}\">\n\t\t<div class=\"elementor-element elementor-element-b805bf7 e-con-full e-flex e-con e-child\" data-id=\"b805bf7\" data-element_type=\"container\">\n\t\t\t\t<div class=\"elementor-element elementor-element-d99b902 elementor-align-justify elementor-widget elementor-widget-button\" data-id=\"d99b902\" data-element_type=\"widget\" data-widget_type=\"button.default\">\n\t\t\t\t<div class=\"elementor-widget-container\">\n\t\t\t\t\t\t\t\t\t<div class=\"elementor-button-wrapper\">\n\t\t\t\t\t<a class=\"elementor-button elementor-button-link elementor-size-sm\" href=\"https:\/\/www.instagram.com\/graficabotanica_studio\/\" target=\"_blank\" rel=\"noopener noreferrer nofollow\">\n\t\t\t\t\t\t<span class=\"elementor-button-content-wrapper\">\n\t\t\t\t\t\t\t\t\t<span class=\"elementor-button-text\">Instagram<\/span>\n\t\t\t\t\t<\/span>\n\t\t\t\t\t<\/a>\n\t\t\t\t<\/div>\n\t\t\t\t\t\t\t\t<\/div>\n\t\t\t\t<\/div>\n\t\t\t\t<\/div>\n\t\t\t\t<div class=\"elementor-element elementor-element-fd3c81f elementor-widget elementor-widget-image\" data-id=\"fd3c81f\" data-element_type=\"widget\" data-widget_type=\"image.default\">\n\t\t\t\t<div class=\"elementor-widget-container\">\n\t\t\t\t\t\t\t\t\t\t\t\t\t\t\t<img fetchpriority=\"high\" decoding=\"async\" width=\"388\" height=\"566\" src=\"https:\/\/graficabotanica.com\/wp-content\/uploads\/2025\/05\/project-graficabotanica.jpg\" class=\"attachment-large size-large wp-image-407\" alt=\"\" srcset=\"https:\/\/graficabotanica.com\/wp-content\/uploads\/2025\/05\/project-graficabotanica.jpg 388w, https:\/\/graficabotanica.com\/wp-content\/uploads\/2025\/05\/project-graficabotanica-206x300.jpg 206w\" sizes=\"(max-width: 388px) 100vw, 388px\" \/>\t\t\t\t\t\t\t\t\t\t\t\t\t\t\t<\/div>\n\t\t\t\t<\/div>\n\t\t<div class=\"elementor-element elementor-element-39ef7b2 e-con-full e-flex e-con e-child\" data-id=\"39ef7b2\" data-element_type=\"container\">\n\t\t\t\t<div class=\"elementor-element elementor-element-39f97cd elementor-widget elementor-widget-heading\" data-id=\"39f97cd\" data-element_type=\"widget\" data-widget_type=\"heading.default\">\n\t\t\t\t<div class=\"elementor-widget-container\">\n\t\t\t\t\t<h2 class=\"elementor-heading-title elementor-size-default\">M\u00c1S SOBRE M\u00cd:<\/h2>\t\t\t\t<\/div>\n\t\t\t\t<\/div>\n\t\t\t\t<div class=\"elementor-element elementor-element-7bc77af elementor-align-justify elementor-widget elementor-widget-button\" data-id=\"7bc77af\" data-element_type=\"widget\" data-widget_type=\"button.default\">\n\t\t\t\t<div class=\"elementor-widget-container\">\n\t\t\t\t\t\t\t\t\t<div class=\"elementor-button-wrapper\">\n\t\t\t\t\t<a class=\"elementor-button elementor-button-link elementor-size-sm\" href=\"http:\/\/annascanferla.com\" target=\"_blank\" rel=\"noopener noreferrer nofollow\">\n\t\t\t\t\t\t<span class=\"elementor-button-content-wrapper\">\n\t\t\t\t\t\t\t\t\t<span class=\"elementor-button-text\">ANNASCANFERLA.COM<\/span>\n\t\t\t\t\t<\/span>\n\t\t\t\t\t<\/a>\n\t\t\t\t<\/div>\n\t\t\t\t\t\t\t\t<\/div>\n\t\t\t\t<\/div>\n\t\t\t\t<\/div>\n\t\t\t\t<\/div>\n\t\t\t\t<\/div>\n\t\t\t\t<\/div>\n\t\t","protected":false},"excerpt":{"rendered":"<p>Hola, soy Anna Scanferla Hagamos que tu proyecto&#8211; florezca, traigamos bellezaa este mundo. Gr\u00e1fica Bot\u00e1nica es mi estudio creativo boutique, basado en la elegancia, la naturaleza y el dise\u00f1o con significado. Me especializo en identidad de marca, dise\u00f1o de logotipos, papeler\u00eda para bodas e ilustraci\u00f3n elegante. No dudes en comunicarte conmigo en Instagram para recibir [&hellip;]<\/p>\n","protected":false},"author":1,"featured_media":0,"parent":0,"menu_order":0,"comment_status":"closed","ping_status":"closed","template":"elementor_canvas","meta":{"footnotes":""},"class_list":["post-464","page","type-page","status-publish","hentry"],"yoast_head":"<!-- This site is optimized with the Yoast SEO plugin v25.2 - https:\/\/yoast.com\/wordpress\/plugins\/seo\/ -->\n<title>Estudio de Dise\u00f1o Gr\u00e1fico en Barcelona \u2013 Gr\u00e1fica Bot\u00e1nica | Branding Bot\u00e1nico y Dise\u00f1o Editorial - Grafica Botanica \u2013 Graphic Design Studio in Barcelona<\/title>\n<meta name=\"description\" content=\"Grafica Botanica es un estudio de dise\u00f1o gr\u00e1fico en Barcelona especializado en branding sostenible, dise\u00f1o editorial e ilustraci\u00f3n bot\u00e1nica para marcas refinadas.\" \/>\n<meta name=\"robots\" content=\"index, follow, max-snippet:-1, max-image-preview:large, max-video-preview:-1\" \/>\n<link rel=\"canonical\" href=\"https:\/\/graficabotanica.com\/es\/\" \/>\n<meta property=\"og:locale\" content=\"es_ES\" \/>\n<meta property=\"og:type\" content=\"article\" \/>\n<meta property=\"og:title\" content=\"Estudio de Dise\u00f1o Gr\u00e1fico en Barcelona \u2013 Gr\u00e1fica Bot\u00e1nica | Branding Bot\u00e1nico y Dise\u00f1o Editorial - Grafica Botanica \u2013 Graphic Design Studio in Barcelona\" \/>\n<meta property=\"og:description\" content=\"Grafica Botanica es un estudio de dise\u00f1o gr\u00e1fico en Barcelona especializado en branding sostenible, dise\u00f1o editorial e ilustraci\u00f3n bot\u00e1nica para marcas refinadas.\" \/>\n<meta property=\"og:url\" content=\"https:\/\/graficabotanica.com\/es\/\" \/>\n<meta property=\"og:site_name\" content=\"Grafica Botanica \u2013 Graphic Design Studio in Barcelona\" \/>\n<meta property=\"article:modified_time\" content=\"2025-05-27T13:33:40+00:00\" \/>\n<meta name=\"twitter:card\" content=\"summary_large_image\" \/>\n<script type=\"application\/ld+json\" class=\"yoast-schema-graph\">{\"@context\":\"https:\/\/schema.org\",\"@graph\":[{\"@type\":\"WebPage\",\"@id\":\"https:\/\/graficabotanica.com\/es\/\",\"url\":\"https:\/\/graficabotanica.com\/es\/\",\"name\":\"Estudio de Dise\u00f1o Gr\u00e1fico en Barcelona \u2013 Gr\u00e1fica Bot\u00e1nica | Branding Bot\u00e1nico y Dise\u00f1o Editorial - Grafica Botanica \u2013 Graphic Design Studio in Barcelona\",\"isPartOf\":{\"@id\":\"https:\/\/graficabotanica.com\/es\/#website\"},\"primaryImageOfPage\":{\"@id\":\"https:\/\/graficabotanica.com\/es\/#primaryimage\"},\"image\":{\"@id\":\"https:\/\/graficabotanica.com\/es\/#primaryimage\"},\"thumbnailUrl\":\"https:\/\/graficabotanica.com\/wp-content\/uploads\/2025\/05\/logo-grafica-botanica.svg\",\"datePublished\":\"2025-05-23T08:48:07+00:00\",\"dateModified\":\"2025-05-27T13:33:40+00:00\",\"description\":\"Grafica Botanica es un estudio de dise\u00f1o gr\u00e1fico en Barcelona especializado en branding sostenible, dise\u00f1o editorial e ilustraci\u00f3n bot\u00e1nica para marcas refinadas.\",\"breadcrumb\":{\"@id\":\"https:\/\/graficabotanica.com\/es\/#breadcrumb\"},\"inLanguage\":\"es\",\"potentialAction\":[{\"@type\":\"ReadAction\",\"target\":[\"https:\/\/graficabotanica.com\/es\/\"]}]},{\"@type\":\"ImageObject\",\"inLanguage\":\"es\",\"@id\":\"https:\/\/graficabotanica.com\/es\/#primaryimage\",\"url\":\"https:\/\/graficabotanica.com\/wp-content\/uploads\/2025\/05\/logo-grafica-botanica.svg\",\"contentUrl\":\"https:\/\/graficabotanica.com\/wp-content\/uploads\/2025\/05\/logo-grafica-botanica.svg\"},{\"@type\":\"BreadcrumbList\",\"@id\":\"https:\/\/graficabotanica.com\/es\/#breadcrumb\",\"itemListElement\":[{\"@type\":\"ListItem\",\"position\":1,\"name\":\"Home\",\"item\":\"https:\/\/graficabotanica.com\/es\/estudio-de-diseno-grafico-en-barcelona-grafica-botanica-branding-botanico-y-diseno-editorial\/\"},{\"@type\":\"ListItem\",\"position\":2,\"name\":\"Estudio de Dise\u00f1o Gr\u00e1fico en Barcelona \u2013 Gr\u00e1fica Bot\u00e1nica | Branding Bot\u00e1nico y Dise\u00f1o Editorial\"}]},{\"@type\":\"WebSite\",\"@id\":\"https:\/\/graficabotanica.com\/es\/#website\",\"url\":\"https:\/\/graficabotanica.com\/es\/\",\"name\":\"Grafica Botanica \u2013 Graphic Design Studio in Barcelona\",\"description\":\"Sustainable branding, editorial design, and botanical illustration. Natural elegance for refined brands and events.\",\"publisher\":{\"@id\":\"https:\/\/graficabotanica.com\/es\/#organization\"},\"potentialAction\":[{\"@type\":\"SearchAction\",\"target\":{\"@type\":\"EntryPoint\",\"urlTemplate\":\"https:\/\/graficabotanica.com\/es\/?s={search_term_string}\"},\"query-input\":{\"@type\":\"PropertyValueSpecification\",\"valueRequired\":true,\"valueName\":\"search_term_string\"}}],\"inLanguage\":\"es\"},{\"@type\":\"Organization\",\"@id\":\"https:\/\/graficabotanica.com\/es\/#organization\",\"name\":\"Grafica Botanica \u2013 Graphic Design Studio in Barcelona\",\"url\":\"https:\/\/graficabotanica.com\/es\/\",\"logo\":{\"@type\":\"ImageObject\",\"inLanguage\":\"es\",\"@id\":\"https:\/\/graficabotanica.com\/es\/#\/schema\/logo\/image\/\",\"url\":\"https:\/\/graficabotanica.com\/wp-content\/uploads\/2025\/05\/logo-grafica-botanica.svg\",\"contentUrl\":\"https:\/\/graficabotanica.com\/wp-content\/uploads\/2025\/05\/logo-grafica-botanica.svg\",\"width\":94,\"height\":37,\"caption\":\"Grafica Botanica \u2013 Graphic Design Studio in Barcelona\"},\"image\":{\"@id\":\"https:\/\/graficabotanica.com\/es\/#\/schema\/logo\/image\/\"}}]}<\/script>\n<!-- \/ Yoast SEO plugin. -->","yoast_head_json":{"title":"Estudio de Dise\u00f1o Gr\u00e1fico en Barcelona \u2013 Gr\u00e1fica Bot\u00e1nica | Branding Bot\u00e1nico y Dise\u00f1o Editorial - Grafica Botanica \u2013 Graphic Design Studio in Barcelona","description":"Grafica Botanica es un estudio de dise\u00f1o gr\u00e1fico en Barcelona especializado en branding sostenible, dise\u00f1o editorial e ilustraci\u00f3n bot\u00e1nica para marcas refinadas.","robots":{"index":"index","follow":"follow","max-snippet":"max-snippet:-1","max-image-preview":"max-image-preview:large","max-video-preview":"max-video-preview:-1"},"canonical":"https:\/\/graficabotanica.com\/es\/","og_locale":"es_ES","og_type":"article","og_title":"Estudio de Dise\u00f1o Gr\u00e1fico en Barcelona \u2013 Gr\u00e1fica Bot\u00e1nica | Branding Bot\u00e1nico y Dise\u00f1o Editorial - Grafica Botanica \u2013 Graphic Design Studio in Barcelona","og_description":"Grafica Botanica es un estudio de dise\u00f1o gr\u00e1fico en Barcelona especializado en branding sostenible, dise\u00f1o editorial e ilustraci\u00f3n bot\u00e1nica para marcas refinadas.","og_url":"https:\/\/graficabotanica.com\/es\/","og_site_name":"Grafica Botanica \u2013 Graphic Design Studio in Barcelona","article_modified_time":"2025-05-27T13:33:40+00:00","twitter_card":"summary_large_image","schema":{"@context":"https:\/\/schema.org","@graph":[{"@type":"WebPage","@id":"https:\/\/graficabotanica.com\/es\/","url":"https:\/\/graficabotanica.com\/es\/","name":"Estudio de Dise\u00f1o Gr\u00e1fico en Barcelona \u2013 Gr\u00e1fica Bot\u00e1nica | Branding Bot\u00e1nico y Dise\u00f1o Editorial - Grafica Botanica \u2013 Graphic Design Studio in Barcelona","isPartOf":{"@id":"https:\/\/graficabotanica.com\/es\/#website"},"primaryImageOfPage":{"@id":"https:\/\/graficabotanica.com\/es\/#primaryimage"},"image":{"@id":"https:\/\/graficabotanica.com\/es\/#primaryimage"},"thumbnailUrl":"https:\/\/graficabotanica.com\/wp-content\/uploads\/2025\/05\/logo-grafica-botanica.svg","datePublished":"2025-05-23T08:48:07+00:00","dateModified":"2025-05-27T13:33:40+00:00","description":"Grafica Botanica es un estudio de dise\u00f1o gr\u00e1fico en Barcelona especializado en branding sostenible, dise\u00f1o editorial e ilustraci\u00f3n bot\u00e1nica para marcas refinadas.","breadcrumb":{"@id":"https:\/\/graficabotanica.com\/es\/#breadcrumb"},"inLanguage":"es","potentialAction":[{"@type":"ReadAction","target":["https:\/\/graficabotanica.com\/es\/"]}]},{"@type":"ImageObject","inLanguage":"es","@id":"https:\/\/graficabotanica.com\/es\/#primaryimage","url":"https:\/\/graficabotanica.com\/wp-content\/uploads\/2025\/05\/logo-grafica-botanica.svg","contentUrl":"https:\/\/graficabotanica.com\/wp-content\/uploads\/2025\/05\/logo-grafica-botanica.svg"},{"@type":"BreadcrumbList","@id":"https:\/\/graficabotanica.com\/es\/#breadcrumb","itemListElement":[{"@type":"ListItem","position":1,"name":"Home","item":"https:\/\/graficabotanica.com\/es\/estudio-de-diseno-grafico-en-barcelona-grafica-botanica-branding-botanico-y-diseno-editorial\/"},{"@type":"ListItem","position":2,"name":"Estudio de Dise\u00f1o Gr\u00e1fico en Barcelona \u2013 Gr\u00e1fica Bot\u00e1nica | Branding Bot\u00e1nico y Dise\u00f1o Editorial"}]},{"@type":"WebSite","@id":"https:\/\/graficabotanica.com\/es\/#website","url":"https:\/\/graficabotanica.com\/es\/","name":"Grafica Botanica \u2013 Graphic Design Studio in Barcelona","description":"Sustainable branding, editorial design, and botanical illustration. Natural elegance for refined brands and events.","publisher":{"@id":"https:\/\/graficabotanica.com\/es\/#organization"},"potentialAction":[{"@type":"SearchAction","target":{"@type":"EntryPoint","urlTemplate":"https:\/\/graficabotanica.com\/es\/?s={search_term_string}"},"query-input":{"@type":"PropertyValueSpecification","valueRequired":true,"valueName":"search_term_string"}}],"inLanguage":"es"},{"@type":"Organization","@id":"https:\/\/graficabotanica.com\/es\/#organization","name":"Grafica Botanica \u2013 Graphic Design Studio in Barcelona","url":"https:\/\/graficabotanica.com\/es\/","logo":{"@type":"ImageObject","inLanguage":"es","@id":"https:\/\/graficabotanica.com\/es\/#\/schema\/logo\/image\/","url":"https:\/\/graficabotanica.com\/wp-content\/uploads\/2025\/05\/logo-grafica-botanica.svg","contentUrl":"https:\/\/graficabotanica.com\/wp-content\/uploads\/2025\/05\/logo-grafica-botanica.svg","width":94,"height":37,"caption":"Grafica Botanica \u2013 Graphic Design Studio in Barcelona"},"image":{"@id":"https:\/\/graficabotanica.com\/es\/#\/schema\/logo\/image\/"}}]}},"_links":{"self":[{"href":"https:\/\/graficabotanica.com\/es\/wp-json\/wp\/v2\/pages\/464","targetHints":{"allow":["GET"]}}],"collection":[{"href":"https:\/\/graficabotanica.com\/es\/wp-json\/wp\/v2\/pages"}],"about":[{"href":"https:\/\/graficabotanica.com\/es\/wp-json\/wp\/v2\/types\/page"}],"author":[{"embeddable":true,"href":"https:\/\/graficabotanica.com\/es\/wp-json\/wp\/v2\/users\/1"}],"replies":[{"embeddable":true,"href":"https:\/\/graficabotanica.com\/es\/wp-json\/wp\/v2\/comments?post=464"}],"version-history":[{"count":1,"href":"https:\/\/graficabotanica.com\/es\/wp-json\/wp\/v2\/pages\/464\/revisions"}],"predecessor-version":[{"id":465,"href":"https:\/\/graficabotanica.com\/es\/wp-json\/wp\/v2\/pages\/464\/revisions\/465"}],"wp:attachment":[{"href":"https:\/\/graficabotanica.com\/es\/wp-json\/wp\/v2\/media?parent=464"}],"curies":[{"name":"wp","href":"https:\/\/api.w.org\/{rel}","templated":true}]}}