{"id":460,"date":"2025-05-23T08:38:54","date_gmt":"2025-05-23T08:38:54","guid":{"rendered":"https:\/\/graficabotanica.com\/politica-de-privacidad\/"},"modified":"2025-05-27T13:23:54","modified_gmt":"2025-05-27T13:23:54","slug":"politica-de-privacidad","status":"publish","type":"page","link":"https:\/\/graficabotanica.com\/es\/politica-de-privacidad\/","title":{"rendered":"Pol\u00edtica de privacidad"},"content":{"rendered":"\t\t<div data-elementor-type=\"wp-page\" data-elementor-id=\"460\" class=\"elementor elementor-460 elementor-3\" data-elementor-post-type=\"page\">\n\t\t\t\t<div class=\"elementor-element elementor-element-11d7d08 e-con-full e-flex e-con e-parent\" data-id=\"11d7d08\" data-element_type=\"container\" data-settings=\"{&quot;background_background&quot;:&quot;classic&quot;}\">\n\t\t\t\t<div class=\"elementor-element elementor-element-817fd93 elementor-widget__width-auto elementor-widget elementor-widget-image\" data-id=\"817fd93\" data-element_type=\"widget\" data-widget_type=\"image.default\">\n\t\t\t\t<div class=\"elementor-widget-container\">\n\t\t\t\t\t\t\t\t\t\t\t\t\t\t\t\t<a href=\"https:\/\/graficabotanica.com\/es\/\">\n\t\t\t\t\t\t\t<img decoding=\"async\" width=\"94\" height=\"37\" src=\"https:\/\/graficabotanica.com\/wp-content\/uploads\/2025\/05\/logo-grafica-botanica.svg\" class=\"attachment-large size-large wp-image-405\" alt=\"\" \/>\t\t\t\t\t\t\t\t<\/a>\n\t\t\t\t\t\t\t\t\t\t\t\t\t\t\t<\/div>\n\t\t\t\t<\/div>\n\t\t\t\t<div class=\"elementor-element elementor-element-846ec62 elementor-widget elementor-widget-heading\" data-id=\"846ec62\" data-element_type=\"widget\" data-widget_type=\"heading.default\">\n\t\t\t\t<div class=\"elementor-widget-container\">\n\t\t\t\t\t<h2 class=\"elementor-heading-title elementor-size-default\">Pol\u00edtica de privacidad<\/h2>\t\t\t\t<\/div>\n\t\t\t\t<\/div>\n\t\t\t\t<div class=\"elementor-element elementor-element-effb2fd elementor-widget elementor-widget-heading\" data-id=\"effb2fd\" data-element_type=\"widget\" data-widget_type=\"heading.default\">\n\t\t\t\t<div class=\"elementor-widget-container\">\n\t\t\t\t\t<h6 class=\"elementor-heading-title elementor-size-default\">\u00daltima actualizaci\u00f3n: 24 de mayo de 2025<\/h6>\t\t\t\t<\/div>\n\t\t\t\t<\/div>\n\t\t\t\t<div class=\"elementor-element elementor-element-fc278f2 elementor-widget elementor-widget-text-editor\" data-id=\"fc278f2\" data-element_type=\"widget\" data-widget_type=\"text-editor.default\">\n\t\t\t\t<div class=\"elementor-widget-container\">\n\t\t\t\t\t\t\t\t\t<p class=\"p1\">En graficabotanica.com, nos comprometemos a proteger su privacidad de acuerdo con el Reglamento General de Protecci\u00f3n de Datos de la UE (GDPR \u2013 Reglamento (UE) 2016\/679).<\/p>\t\t\t\t\t\t\t\t<\/div>\n\t\t\t\t<\/div>\n\t\t\t\t<div class=\"elementor-element elementor-element-aa28b37 elementor-widget elementor-widget-heading\" data-id=\"aa28b37\" data-element_type=\"widget\" data-widget_type=\"heading.default\">\n\t\t\t\t<div class=\"elementor-widget-container\">\n\t\t\t\t\t<h2 class=\"elementor-heading-title elementor-size-default\">1. Controlador de datos<\/h2>\t\t\t\t<\/div>\n\t\t\t\t<\/div>\n\t\t\t\t<div class=\"elementor-element elementor-element-5543940 elementor-widget elementor-widget-text-editor\" data-id=\"5543940\" data-element_type=\"widget\" data-widget_type=\"text-editor.default\">\n\t\t\t\t<div class=\"elementor-widget-container\">\n\t\t\t\t\t\t\t\t\t<p class=\"p1\"><span style=\"color: #000000;\"><b>Anna Scanferla<\/b><b><\/b><\/span><\/p><p class=\"p2\"><span style=\"color: #000000;\">Email: <a style=\"color: #000000;\" href=\"mailto:info@graficabotanica.com\">info@graficabotanica.com<\/a><\/span><\/p>\t\t\t\t\t\t\t\t<\/div>\n\t\t\t\t<\/div>\n\t\t\t\t<div class=\"elementor-element elementor-element-a568cea elementor-widget elementor-widget-heading\" data-id=\"a568cea\" data-element_type=\"widget\" data-widget_type=\"heading.default\">\n\t\t\t\t<div class=\"elementor-widget-container\">\n\t\t\t\t\t<h2 class=\"elementor-heading-title elementor-size-default\">2. Datos que recopilamos<\/h2>\t\t\t\t<\/div>\n\t\t\t\t<\/div>\n\t\t\t\t<div class=\"elementor-element elementor-element-fe6e7c9 elementor-widget elementor-widget-text-editor\" data-id=\"fe6e7c9\" data-element_type=\"widget\" data-widget_type=\"text-editor.default\">\n\t\t\t\t<div class=\"elementor-widget-container\">\n\t\t\t\t\t\t\t\t\t<ul><li><p class=\"p1\">Enviado voluntariamente: nombre, correo electr\u00f3nico (a trav\u00e9s del formulario de contacto o bolet\u00edn informativo)<\/p><\/li><li><p class=\"p1\">Recopilados autom\u00e1ticamente: direcci\u00f3n IP, datos del navegador, estad\u00edsticas de navegaci\u00f3n (a trav\u00e9s de cookies)<\/p><\/li><\/ul>\t\t\t\t\t\t\t\t<\/div>\n\t\t\t\t<\/div>\n\t\t\t\t<div class=\"elementor-element elementor-element-f8d7e18 elementor-widget elementor-widget-heading\" data-id=\"f8d7e18\" data-element_type=\"widget\" data-widget_type=\"heading.default\">\n\t\t\t\t<div class=\"elementor-widget-container\">\n\t\t\t\t\t<h2 class=\"elementor-heading-title elementor-size-default\">3. Finalidades<\/h2>\t\t\t\t<\/div>\n\t\t\t\t<\/div>\n\t\t\t\t<div class=\"elementor-element elementor-element-0313034 elementor-widget elementor-widget-text-editor\" data-id=\"0313034\" data-element_type=\"widget\" data-widget_type=\"text-editor.default\">\n\t\t\t\t<div class=\"elementor-widget-container\">\n\t\t\t\t\t\t\t\t\t<ul><li><p class=\"p1\">Respondiendo consultas<\/p><\/li><li><p class=\"p1\">Env\u00edo de newsletters (con consentimiento previo)<\/p><\/li><li><p class=\"p1\">Mejorar el rendimiento del sitio (an\u00e1lisis an\u00f3nimos)<\/p><\/li><\/ul>\t\t\t\t\t\t\t\t<\/div>\n\t\t\t\t<\/div>\n\t\t\t\t<div class=\"elementor-element elementor-element-187107c elementor-widget elementor-widget-heading\" data-id=\"187107c\" data-element_type=\"widget\" data-widget_type=\"heading.default\">\n\t\t\t\t<div class=\"elementor-widget-container\">\n\t\t\t\t\t<h2 class=\"elementor-heading-title elementor-size-default\">4. Base jur\u00eddica<\/h2>\t\t\t\t<\/div>\n\t\t\t\t<\/div>\n\t\t\t\t<div class=\"elementor-element elementor-element-fd87f1c elementor-widget elementor-widget-text-editor\" data-id=\"fd87f1c\" data-element_type=\"widget\" data-widget_type=\"text-editor.default\">\n\t\t\t\t<div class=\"elementor-widget-container\">\n\t\t\t\t\t\t\t\t\t<ul><li><p class=\"p1\">Consentimiento (art. 6.1.a)<\/p><\/li><li><p class=\"p1\">Necesidad contractual (art. 6.1.b)<\/p><\/li><li><p class=\"p1\">Inter\u00e9s leg\u00edtimo (art. 6.1.f)<\/p><\/li><\/ul>\t\t\t\t\t\t\t\t<\/div>\n\t\t\t\t<\/div>\n\t\t\t\t<div class=\"elementor-element elementor-element-4657e94 elementor-widget elementor-widget-heading\" data-id=\"4657e94\" data-element_type=\"widget\" data-widget_type=\"heading.default\">\n\t\t\t\t<div class=\"elementor-widget-container\">\n\t\t\t\t\t<h2 class=\"elementor-heading-title elementor-size-default\">5. Intercambio de datos<\/h2>\t\t\t\t<\/div>\n\t\t\t\t<\/div>\n\t\t\t\t<div class=\"elementor-element elementor-element-4834f1e elementor-widget elementor-widget-text-editor\" data-id=\"4834f1e\" data-element_type=\"widget\" data-widget_type=\"text-editor.default\">\n\t\t\t\t<div class=\"elementor-widget-container\">\n\t\t\t\t\t\t\t\t\t<p class=\"p1\">No vendemos sus datos. Algunos datos podr\u00edan ser procesados \u200b\u200bpor proveedores de servicios de confianza (por ejemplo, hosting o anal\u00edticas). <\/p>\t\t\t\t\t\t\t\t<\/div>\n\t\t\t\t<\/div>\n\t\t\t\t<div class=\"elementor-element elementor-element-dbafdf5 elementor-widget elementor-widget-heading\" data-id=\"dbafdf5\" data-element_type=\"widget\" data-widget_type=\"heading.default\">\n\t\t\t\t<div class=\"elementor-widget-container\">\n\t\t\t\t\t<h2 class=\"elementor-heading-title elementor-size-default\">6. Retenci\u00f3n<\/h2>\t\t\t\t<\/div>\n\t\t\t\t<\/div>\n\t\t\t\t<div class=\"elementor-element elementor-element-a17bc77 elementor-widget elementor-widget-text-editor\" data-id=\"a17bc77\" data-element_type=\"widget\" data-widget_type=\"text-editor.default\">\n\t\t\t\t<div class=\"elementor-widget-container\">\n\t\t\t\t\t\t\t\t\t<p class=\"p1\">Sus datos se almacenar\u00e1n solo el tiempo necesario para el fin previsto o hasta que solicite su eliminaci\u00f3n.<\/p>\t\t\t\t\t\t\t\t<\/div>\n\t\t\t\t<\/div>\n\t\t\t\t<div class=\"elementor-element elementor-element-c932aa9 elementor-widget elementor-widget-heading\" data-id=\"c932aa9\" data-element_type=\"widget\" data-widget_type=\"heading.default\">\n\t\t\t\t<div class=\"elementor-widget-container\">\n\t\t\t\t\t<h2 class=\"elementor-heading-title elementor-size-default\">7. Sus derechos<\/h2>\t\t\t\t<\/div>\n\t\t\t\t<\/div>\n\t\t\t\t<div class=\"elementor-element elementor-element-969508e elementor-widget elementor-widget-text-editor\" data-id=\"969508e\" data-element_type=\"widget\" data-widget_type=\"text-editor.default\">\n\t\t\t\t<div class=\"elementor-widget-container\">\n\t\t\t\t\t\t\t\t\t<ul><li><p class=\"p1\">Acceso, correcci\u00f3n, eliminaci\u00f3n<\/p><\/li><li><p class=\"p1\">Restricci\u00f3n u objeci\u00f3n<\/p><\/li><li><p class=\"p1\">Portabilidad de datos<\/p><\/li><li><p class=\"p1\">Retirar el consentimiento en cualquier momento<\/p><\/li><\/ul>\t\t\t\t\t\t\t\t<\/div>\n\t\t\t\t<\/div>\n\t\t\t\t<div class=\"elementor-element elementor-element-a3eb880 elementor-widget elementor-widget-heading\" data-id=\"a3eb880\" data-element_type=\"widget\" data-widget_type=\"heading.default\">\n\t\t\t\t<div class=\"elementor-widget-container\">\n\t\t\t\t\t<h2 class=\"elementor-heading-title elementor-size-default\">8. Quejas<\/h2>\t\t\t\t<\/div>\n\t\t\t\t<\/div>\n\t\t\t\t<div class=\"elementor-element elementor-element-208cdf9 elementor-widget elementor-widget-text-editor\" data-id=\"208cdf9\" data-element_type=\"widget\" data-widget_type=\"text-editor.default\">\n\t\t\t\t<div class=\"elementor-widget-container\">\n\t\t\t\t\t\t\t\t\t<p class=\"p1\"><span style=\"color: #000000;\">Podr\u00e1 presentar una reclamaci\u00f3n ante la <a style=\"color: #000000;\" href=\"https:\/\/www.aepd.es\/\" target=\"_blank\" rel=\"noopener noreferrer nofollow\">Autoridad Espa\u00f1ola de Protecci\u00f3n de Datos (AEPD).<\/a><\/span><\/p>\t\t\t\t\t\t\t\t<\/div>\n\t\t\t\t<\/div>\n\t\t\t\t<\/div>\n\t\t\t\t<\/div>\n\t\t","protected":false},"excerpt":{"rendered":"<p>Pol\u00edtica de privacidad \u00daltima actualizaci\u00f3n: 24 de mayo de 2025 En graficabotanica.com, nos comprometemos a proteger su privacidad de acuerdo con el Reglamento General de Protecci\u00f3n de Datos de la UE (GDPR \u2013 Reglamento (UE) 2016\/679). 1. Controlador de datos Anna Scanferla Email: info@graficabotanica.com 2. Datos que recopilamos Enviado voluntariamente: nombre, correo electr\u00f3nico (a trav\u00e9s [&hellip;]<\/p>\n","protected":false},"author":1,"featured_media":0,"parent":0,"menu_order":0,"comment_status":"closed","ping_status":"closed","template":"elementor_canvas","meta":{"footnotes":""},"class_list":["post-460","page","type-page","status-publish","hentry"],"yoast_head":"<!-- This site is optimized with the Yoast SEO plugin v25.2 - https:\/\/yoast.com\/wordpress\/plugins\/seo\/ -->\n<title>Pol\u00edtica de privacidad - Grafica Botanica \u2013 Graphic Design Studio in Barcelona<\/title>\n<meta name=\"description\" content=\"Lea nuestra pol\u00edtica de privacidad conforme al RGPD para comprender c\u00f3mo Grafica Botanica protege sus datos personales. Uso transparente, seguro y \u00e9tico de los datos.\" \/>\n<meta name=\"robots\" content=\"index, follow, max-snippet:-1, max-image-preview:large, max-video-preview:-1\" \/>\n<link rel=\"canonical\" href=\"https:\/\/graficabotanica.com\/es\/politica-de-privacidad\/\" \/>\n<meta property=\"og:locale\" content=\"es_ES\" \/>\n<meta property=\"og:type\" content=\"article\" \/>\n<meta property=\"og:title\" content=\"Pol\u00edtica de privacidad - Grafica Botanica \u2013 Graphic Design Studio in Barcelona\" \/>\n<meta property=\"og:description\" content=\"Lea nuestra pol\u00edtica de privacidad conforme al RGPD para comprender c\u00f3mo Grafica Botanica protege sus datos personales. Uso transparente, seguro y \u00e9tico de los datos.\" \/>\n<meta property=\"og:url\" content=\"https:\/\/graficabotanica.com\/es\/politica-de-privacidad\/\" \/>\n<meta property=\"og:site_name\" content=\"Grafica Botanica \u2013 Graphic Design Studio in Barcelona\" \/>\n<meta property=\"article:modified_time\" content=\"2025-05-27T13:23:54+00:00\" \/>\n<meta name=\"twitter:card\" content=\"summary_large_image\" \/>\n<meta name=\"twitter:label1\" content=\"Tiempo de lectura\" \/>\n\t<meta name=\"twitter:data1\" content=\"1 minuto\" \/>\n<script type=\"application\/ld+json\" class=\"yoast-schema-graph\">{\"@context\":\"https:\/\/schema.org\",\"@graph\":[{\"@type\":\"WebPage\",\"@id\":\"https:\/\/graficabotanica.com\/es\/politica-de-privacidad\/\",\"url\":\"https:\/\/graficabotanica.com\/es\/politica-de-privacidad\/\",\"name\":\"Pol\u00edtica de privacidad - Grafica Botanica \u2013 Graphic Design Studio in Barcelona\",\"isPartOf\":{\"@id\":\"https:\/\/graficabotanica.com\/es\/#website\"},\"primaryImageOfPage\":{\"@id\":\"https:\/\/graficabotanica.com\/es\/politica-de-privacidad\/#primaryimage\"},\"image\":{\"@id\":\"https:\/\/graficabotanica.com\/es\/politica-de-privacidad\/#primaryimage\"},\"thumbnailUrl\":\"https:\/\/graficabotanica.com\/wp-content\/uploads\/2025\/05\/logo-grafica-botanica.svg\",\"datePublished\":\"2025-05-23T08:38:54+00:00\",\"dateModified\":\"2025-05-27T13:23:54+00:00\",\"description\":\"Lea nuestra pol\u00edtica de privacidad conforme al RGPD para comprender c\u00f3mo Grafica Botanica protege sus datos personales. Uso transparente, seguro y \u00e9tico de los datos.\",\"breadcrumb\":{\"@id\":\"https:\/\/graficabotanica.com\/es\/politica-de-privacidad\/#breadcrumb\"},\"inLanguage\":\"es\",\"potentialAction\":[{\"@type\":\"ReadAction\",\"target\":[\"https:\/\/graficabotanica.com\/es\/politica-de-privacidad\/\"]}]},{\"@type\":\"ImageObject\",\"inLanguage\":\"es\",\"@id\":\"https:\/\/graficabotanica.com\/es\/politica-de-privacidad\/#primaryimage\",\"url\":\"https:\/\/graficabotanica.com\/wp-content\/uploads\/2025\/05\/logo-grafica-botanica.svg\",\"contentUrl\":\"https:\/\/graficabotanica.com\/wp-content\/uploads\/2025\/05\/logo-grafica-botanica.svg\"},{\"@type\":\"BreadcrumbList\",\"@id\":\"https:\/\/graficabotanica.com\/es\/politica-de-privacidad\/#breadcrumb\",\"itemListElement\":[{\"@type\":\"ListItem\",\"position\":1,\"name\":\"Home\",\"item\":\"https:\/\/graficabotanica.com\/es\/estudio-de-diseno-grafico-en-barcelona-grafica-botanica-branding-botanico-y-diseno-editorial\/\"},{\"@type\":\"ListItem\",\"position\":2,\"name\":\"Pol\u00edtica de privacidad\"}]},{\"@type\":\"WebSite\",\"@id\":\"https:\/\/graficabotanica.com\/es\/#website\",\"url\":\"https:\/\/graficabotanica.com\/es\/\",\"name\":\"Grafica Botanica \u2013 Graphic Design Studio in Barcelona\",\"description\":\"Sustainable branding, editorial design, and botanical illustration. Natural elegance for refined brands and events.\",\"publisher\":{\"@id\":\"https:\/\/graficabotanica.com\/es\/#organization\"},\"potentialAction\":[{\"@type\":\"SearchAction\",\"target\":{\"@type\":\"EntryPoint\",\"urlTemplate\":\"https:\/\/graficabotanica.com\/es\/?s={search_term_string}\"},\"query-input\":{\"@type\":\"PropertyValueSpecification\",\"valueRequired\":true,\"valueName\":\"search_term_string\"}}],\"inLanguage\":\"es\"},{\"@type\":\"Organization\",\"@id\":\"https:\/\/graficabotanica.com\/es\/#organization\",\"name\":\"Grafica Botanica \u2013 Graphic Design Studio in Barcelona\",\"url\":\"https:\/\/graficabotanica.com\/es\/\",\"logo\":{\"@type\":\"ImageObject\",\"inLanguage\":\"es\",\"@id\":\"https:\/\/graficabotanica.com\/es\/#\/schema\/logo\/image\/\",\"url\":\"https:\/\/graficabotanica.com\/wp-content\/uploads\/2025\/05\/logo-grafica-botanica.svg\",\"contentUrl\":\"https:\/\/graficabotanica.com\/wp-content\/uploads\/2025\/05\/logo-grafica-botanica.svg\",\"width\":94,\"height\":37,\"caption\":\"Grafica Botanica \u2013 Graphic Design Studio in Barcelona\"},\"image\":{\"@id\":\"https:\/\/graficabotanica.com\/es\/#\/schema\/logo\/image\/\"}}]}<\/script>\n<!-- \/ Yoast SEO plugin. -->","yoast_head_json":{"title":"Pol\u00edtica de privacidad - Grafica Botanica \u2013 Graphic Design Studio in Barcelona","description":"Lea nuestra pol\u00edtica de privacidad conforme al RGPD para comprender c\u00f3mo Grafica Botanica protege sus datos personales. Uso transparente, seguro y \u00e9tico de los datos.","robots":{"index":"index","follow":"follow","max-snippet":"max-snippet:-1","max-image-preview":"max-image-preview:large","max-video-preview":"max-video-preview:-1"},"canonical":"https:\/\/graficabotanica.com\/es\/politica-de-privacidad\/","og_locale":"es_ES","og_type":"article","og_title":"Pol\u00edtica de privacidad - Grafica Botanica \u2013 Graphic Design Studio in Barcelona","og_description":"Lea nuestra pol\u00edtica de privacidad conforme al RGPD para comprender c\u00f3mo Grafica Botanica protege sus datos personales. Uso transparente, seguro y \u00e9tico de los datos.","og_url":"https:\/\/graficabotanica.com\/es\/politica-de-privacidad\/","og_site_name":"Grafica Botanica \u2013 Graphic Design Studio in Barcelona","article_modified_time":"2025-05-27T13:23:54+00:00","twitter_card":"summary_large_image","twitter_misc":{"Tiempo de lectura":"1 minuto"},"schema":{"@context":"https:\/\/schema.org","@graph":[{"@type":"WebPage","@id":"https:\/\/graficabotanica.com\/es\/politica-de-privacidad\/","url":"https:\/\/graficabotanica.com\/es\/politica-de-privacidad\/","name":"Pol\u00edtica de privacidad - Grafica Botanica \u2013 Graphic Design Studio in Barcelona","isPartOf":{"@id":"https:\/\/graficabotanica.com\/es\/#website"},"primaryImageOfPage":{"@id":"https:\/\/graficabotanica.com\/es\/politica-de-privacidad\/#primaryimage"},"image":{"@id":"https:\/\/graficabotanica.com\/es\/politica-de-privacidad\/#primaryimage"},"thumbnailUrl":"https:\/\/graficabotanica.com\/wp-content\/uploads\/2025\/05\/logo-grafica-botanica.svg","datePublished":"2025-05-23T08:38:54+00:00","dateModified":"2025-05-27T13:23:54+00:00","description":"Lea nuestra pol\u00edtica de privacidad conforme al RGPD para comprender c\u00f3mo Grafica Botanica protege sus datos personales. Uso transparente, seguro y \u00e9tico de los datos.","breadcrumb":{"@id":"https:\/\/graficabotanica.com\/es\/politica-de-privacidad\/#breadcrumb"},"inLanguage":"es","potentialAction":[{"@type":"ReadAction","target":["https:\/\/graficabotanica.com\/es\/politica-de-privacidad\/"]}]},{"@type":"ImageObject","inLanguage":"es","@id":"https:\/\/graficabotanica.com\/es\/politica-de-privacidad\/#primaryimage","url":"https:\/\/graficabotanica.com\/wp-content\/uploads\/2025\/05\/logo-grafica-botanica.svg","contentUrl":"https:\/\/graficabotanica.com\/wp-content\/uploads\/2025\/05\/logo-grafica-botanica.svg"},{"@type":"BreadcrumbList","@id":"https:\/\/graficabotanica.com\/es\/politica-de-privacidad\/#breadcrumb","itemListElement":[{"@type":"ListItem","position":1,"name":"Home","item":"https:\/\/graficabotanica.com\/es\/estudio-de-diseno-grafico-en-barcelona-grafica-botanica-branding-botanico-y-diseno-editorial\/"},{"@type":"ListItem","position":2,"name":"Pol\u00edtica de privacidad"}]},{"@type":"WebSite","@id":"https:\/\/graficabotanica.com\/es\/#website","url":"https:\/\/graficabotanica.com\/es\/","name":"Grafica Botanica \u2013 Graphic Design Studio in Barcelona","description":"Sustainable branding, editorial design, and botanical illustration. Natural elegance for refined brands and events.","publisher":{"@id":"https:\/\/graficabotanica.com\/es\/#organization"},"potentialAction":[{"@type":"SearchAction","target":{"@type":"EntryPoint","urlTemplate":"https:\/\/graficabotanica.com\/es\/?s={search_term_string}"},"query-input":{"@type":"PropertyValueSpecification","valueRequired":true,"valueName":"search_term_string"}}],"inLanguage":"es"},{"@type":"Organization","@id":"https:\/\/graficabotanica.com\/es\/#organization","name":"Grafica Botanica \u2013 Graphic Design Studio in Barcelona","url":"https:\/\/graficabotanica.com\/es\/","logo":{"@type":"ImageObject","inLanguage":"es","@id":"https:\/\/graficabotanica.com\/es\/#\/schema\/logo\/image\/","url":"https:\/\/graficabotanica.com\/wp-content\/uploads\/2025\/05\/logo-grafica-botanica.svg","contentUrl":"https:\/\/graficabotanica.com\/wp-content\/uploads\/2025\/05\/logo-grafica-botanica.svg","width":94,"height":37,"caption":"Grafica Botanica \u2013 Graphic Design Studio in Barcelona"},"image":{"@id":"https:\/\/graficabotanica.com\/es\/#\/schema\/logo\/image\/"}}]}},"_links":{"self":[{"href":"https:\/\/graficabotanica.com\/es\/wp-json\/wp\/v2\/pages\/460","targetHints":{"allow":["GET"]}}],"collection":[{"href":"https:\/\/graficabotanica.com\/es\/wp-json\/wp\/v2\/pages"}],"about":[{"href":"https:\/\/graficabotanica.com\/es\/wp-json\/wp\/v2\/types\/page"}],"author":[{"embeddable":true,"href":"https:\/\/graficabotanica.com\/es\/wp-json\/wp\/v2\/users\/1"}],"replies":[{"embeddable":true,"href":"https:\/\/graficabotanica.com\/es\/wp-json\/wp\/v2\/comments?post=460"}],"version-history":[{"count":1,"href":"https:\/\/graficabotanica.com\/es\/wp-json\/wp\/v2\/pages\/460\/revisions"}],"predecessor-version":[{"id":461,"href":"https:\/\/graficabotanica.com\/es\/wp-json\/wp\/v2\/pages\/460\/revisions\/461"}],"wp:attachment":[{"href":"https:\/\/graficabotanica.com\/es\/wp-json\/wp\/v2\/media?parent=460"}],"curies":[{"name":"wp","href":"https:\/\/api.w.org\/{rel}","templated":true}]}}